{"id":277,"date":"2019-09-12T18:50:21","date_gmt":"2019-09-12T18:50:21","guid":{"rendered":"http:\/\/public.bc.fi\/s1700512\/Kestava-kehitys\/suomi\/?page_id=277"},"modified":"2020-01-23T08:15:38","modified_gmt":"2020-01-23T08:15:38","slug":"johdanto","status":"publish","type":"page","link":"https:\/\/keke.bc.fi\/Kestava-kehitys\/suomi\/johdanto\/","title":{"rendered":"Johdantosivu"},"content":{"rendered":"\n<h1 class=\"has-text-align-center wp-block-heading\">Kest\u00e4v\u00e4 Kehitys<\/h1>\n\n\n\n<div style=\"height:20px\" aria-hidden=\"true\" class=\"wp-block-spacer\"><\/div>\n\n\n\n<div class=\"wp-block-columns has-2-columns is-layout-flex wp-container-core-columns-is-layout-9d6595d7 wp-block-columns-is-layout-flex\">\n<div class=\"wp-block-column is-layout-flow wp-block-column-is-layout-flow\">\n<p>Olemme osa ymp\u00e4rist\u00f6\u00e4. Ihmiskunnan selviytymiseen maapallolla elinehto on s\u00e4ilytt\u00e4\u00e4 ymp\u00e4rist\u00f6mme elinkelpoisena. Vaihtoehtoista planeettaa ei toistaiseksi ole tarjolla. Nykyteknologia ei viel\u00e4 kykene perustamaan siirtokuntia pitkien matkojen p\u00e4\u00e4h\u00e4n avaruuteen vaan meid\u00e4n ainoa vaihtoehto on pit\u00e4\u00e4 huolta maapallosta ja sen elinvoimaisuudesta. <\/p>\n\n\n\n<p>Ihmisen on jatkuvassa vuorovaikutuksessa ymp\u00e4rist\u00f6ns\u00e4 kanssa. Kulutamme maapallon luonnonvaroja yh\u00e4 enemm\u00e4n kiihtyv\u00e4ll\u00e4 tahdilla sek\u00e4 rakennamme ja muokkaamme ymp\u00e4rist\u00f6\u00e4 tarpeidemme mukaan. Ihmisen ottaessa tilaa luonnolta ymp\u00e4rist\u00f6n elinvoimaisuus heikkenee ja samalla my\u00f6s ihmisen olemassa olon edellytykset. Ihmisen toiminnan seuraukset ilmenev\u00e4t moninaisina ilmi\u00f6in\u00e4: ilmasto l\u00e4mpenee ihmisen tuottamien kasihuonekaasup\u00e4\u00e4st\u00f6jen seurauksena, luonnon monimuotoisuus heikkenee, kun ihminen valtaa tilaa luonnolta ja ihmiselle elint\u00e4rke\u00e4t luonnonvarat ehtyv\u00e4t. <\/p>\n\n\n\n<p>Ihmiskunnan pyrkimyksen\u00e4 on se, ett\u00e4 lajimme s\u00e4ilyy hengiss\u00e4 olemassa olon taistelussa, tavoitteenaan yhteiskunnan alati kasvava hyvinvointi. Ymp\u00e4rist\u00f6mme elinkelpoisuuden rajat n\u00e4kyv\u00e4t jo nyt selke\u00e4sti, ja lis\u00e4\u00e4ntyv\u00e4n hyvinvoinnin tavoittelu koettelee n\u00e4it\u00e4 rajoja yh\u00e4 ankarammin.&nbsp; T\u00e4ss\u00e4 onkin p\u00e4hkin\u00e4\u00e4 purtavaksi: Miten tavallisena ihmisen\u00e4, kuluttajana tai yritt\u00e4j\u00e4n\u00e4 voimme minimoida toimintamme ymp\u00e4rist\u00f6haitat, jotta korvaamaton maapallomme s\u00e4ilyy elinvoimaisena niin meille kuin tulevillekin sukupolville?&nbsp;<br><\/p>\n<\/div>\n\n\n\n<div class=\"wp-block-column is-layout-flow wp-block-column-is-layout-flow\">\n<iframe loading=\"lazy\" width=\"470\" height=\"250\" src=\"https:\/\/www.youtube.com\/embed\/MqWE6pwwbO0\" frameborder=\"0\" allow=\"accelerometer; autoplay; encrypted-media; gyroscope; picture-in-picture\" allowfullscreen=\"\"><\/iframe>\n\n\n\n<figure class=\"wp-block-video laululuonnolle\"><video height=\"1080\" style=\"aspect-ratio: 1920 \/ 1080;\" width=\"1920\" controls poster=\"https:\/\/keke.bc.fi\/Kestava-kehitys\/suomi\/wp-content\/uploads\/sites\/2\/2019\/11\/thumbnail-laululuonnolle.png\" src=\"https:\/\/keke.bc.fi\/Kestava-kehitys\/suomi\/wp-content\/uploads\/sites\/2\/LauluLuonnolleTEST.mp4\"><\/video><figcaption>Laulu luonnolle<\/figcaption><\/figure>\n<\/div>\n<\/div>\n","protected":false},"excerpt":{"rendered":"<p>Kest\u00e4v\u00e4 Kehitys Olemme osa ymp\u00e4rist\u00f6\u00e4. Ihmiskunnan selviytymiseen maapallolla elinehto on s\u00e4ilytt\u00e4\u00e4 ymp\u00e4rist\u00f6mme elinkelpoisena. Vaihtoehtoista planeettaa ei toistaiseksi ole tarjolla. Nykyteknologia ei viel\u00e4 kykene perustamaan siirtokuntia pitkien matkojen p\u00e4\u00e4h\u00e4n avaruuteen vaan meid\u00e4n ainoa vaihtoehto on pit\u00e4\u00e4 huolta maapallosta ja sen elinvoimaisuudesta. Ihmisen on jatkuvassa vuorovaikutuksessa ymp\u00e4rist\u00f6ns\u00e4 kanssa. Kulutamme maapallon luonnonvaroja yh\u00e4 enemm\u00e4n kiihtyv\u00e4ll\u00e4 tahdilla sek\u00e4 rakennamme [&hellip;]<\/p>\n","protected":false},"author":1,"featured_media":0,"parent":0,"menu_order":0,"comment_status":"closed","ping_status":"closed","template":"fullwidth.php","meta":{"footnotes":""},"class_list":["post-277","page","type-page","status-publish","hentry"],"_links":{"self":[{"href":"https:\/\/keke.bc.fi\/Kestava-kehitys\/suomi\/wp-json\/wp\/v2\/pages\/277","targetHints":{"allow":["GET"]}}],"collection":[{"href":"https:\/\/keke.bc.fi\/Kestava-kehitys\/suomi\/wp-json\/wp\/v2\/pages"}],"about":[{"href":"https:\/\/keke.bc.fi\/Kestava-kehitys\/suomi\/wp-json\/wp\/v2\/types\/page"}],"author":[{"embeddable":true,"href":"https:\/\/keke.bc.fi\/Kestava-kehitys\/suomi\/wp-json\/wp\/v2\/users\/1"}],"replies":[{"embeddable":true,"href":"https:\/\/keke.bc.fi\/Kestava-kehitys\/suomi\/wp-json\/wp\/v2\/comments?post=277"}],"version-history":[{"count":24,"href":"https:\/\/keke.bc.fi\/Kestava-kehitys\/suomi\/wp-json\/wp\/v2\/pages\/277\/revisions"}],"predecessor-version":[{"id":742,"href":"https:\/\/keke.bc.fi\/Kestava-kehitys\/suomi\/wp-json\/wp\/v2\/pages\/277\/revisions\/742"}],"wp:attachment":[{"href":"https:\/\/keke.bc.fi\/Kestava-kehitys\/suomi\/wp-json\/wp\/v2\/media?parent=277"}],"curies":[{"name":"wp","href":"https:\/\/api.w.org\/{rel}","templated":true}]}}