{"id":384,"date":"2019-11-02T01:53:37","date_gmt":"2019-11-02T01:53:37","guid":{"rendered":"http:\/\/public.bc.fi\/s1700512\/Kestava-kehitys\/suomi\/?page_id=384"},"modified":"2020-04-28T11:36:24","modified_gmt":"2020-04-28T11:36:24","slug":"taloudellinen","status":"publish","type":"page","link":"https:\/\/keke.bc.fi\/Kestava-kehitys\/suomi\/taloudellinen\/","title":{"rendered":"Taloudellinen kest\u00e4v\u00e4 kehitys"},"content":{"rendered":"\n<h1 class=\"has-text-align-center wp-block-heading\">Taloudellinen kest\u00e4v\u00e4 kehitys<\/h1>\n\n\n\n<p>Maapallon luonnonvarat ovat rajalliset. Kest\u00e4v\u00e4n kehityksen p\u00e4\u00e4tavoite on muuttaa nyky-yhteiskunnan toimintamallejamme niin, ett\u00e4 otamme huomioon my\u00f6s tulevaisuuden sukupolvien tarpeet ja hyvinvoinnin. P\u00e4\u00e4m\u00e4\u00e4r\u00e4n\u00e4 on siis turvata nyt ja tulevaisuudessa hyv\u00e4t el\u00e4misen mahdollisuudet ja kuluttaa maapallon luonnonvaroja kest\u00e4v\u00e4mmin. Kest\u00e4v\u00e4 talous perustuu taloudellisiin p\u00e4\u00e4t\u00f6ksiin, joita tekev\u00e4t yhteiskunta (lait ja s\u00e4\u00e4d\u00f6kset), kuluttajat ja yritykset. Taloudellisella kest\u00e4vyydell\u00e4 tarkoitetaan tasapainoista kasvua, joka ei perustu luonnonvarojen h\u00e4vitt\u00e4miseen eik\u00e4 velkaantumiseen. Taloudellinen kest\u00e4vyys voidaan saavuttaa ennen kaikkea uusiutuvien luonnonvarojen kest\u00e4v\u00e4ll\u00e4 k\u00e4yt\u00f6ll\u00e4 sek\u00e4 esimerkiksi resurssi- ja materiaalitehokkuutta parantamalla ja kiertotalouden periaatteita noudattaen. Nyt ja tulevaisuudessa t\u00e4rkeint\u00e4 on huomioida maapallon kantokyvyn rajat ja niiden sis\u00e4ll\u00e4 pysyminen. T\u00e4ss\u00e4 osiossa tarkastellaan kest\u00e4v\u00e4\u00e4 kehityst\u00e4 kunkin taloudellisen p\u00e4\u00e4t\u00f6ksentekij\u00e4n n\u00e4k\u00f6kulmasta.<br><\/p>\n\n\n\n<div class=\"wp-block-columns has-3-columns is-layout-flex wp-container-core-columns-is-layout-9d6595d7 wp-block-columns-is-layout-flex\">\n<div class=\"wp-block-column is-layout-flow wp-block-column-is-layout-flow\"><\/div>\n\n\n\n<div class=\"wp-block-column is-layout-flow wp-block-column-is-layout-flow\">\n<figure class=\"wp-block-gallery columns-2 is-cropped wp-block-gallery-2 is-layout-flex wp-block-gallery-is-layout-flex\"><ul class=\"blocks-gallery-grid\"><li class=\"blocks-gallery-item\"><figure><img loading=\"lazy\" decoding=\"async\" width=\"199\" height=\"202\" src=\"https:\/\/keke.bc.fi\/Kestava-kehitys\/suomi\/wp-content\/uploads\/sites\/2\/2019\/11\/taloudellinen8.png\" alt=\"\" data-id=\"377\" data-full-url=\"https:\/\/keke.bc.fi\/Kestava-kehitys\/suomi\/wp-content\/uploads\/sites\/2\/2019\/11\/taloudellinen8.png\" data-link=\"https:\/\/keke.bc.fi\/Kestava-kehitys\/suomi\/taloudellinen8\/\" class=\"wp-image-377\"\/><\/figure><\/li><li class=\"blocks-gallery-item\"><figure><img loading=\"lazy\" decoding=\"async\" width=\"200\" height=\"200\" src=\"https:\/\/keke.bc.fi\/Kestava-kehitys\/suomi\/wp-content\/uploads\/sites\/2\/2019\/11\/taloudellinen9.png\" alt=\"\" data-id=\"378\" data-full-url=\"https:\/\/keke.bc.fi\/Kestava-kehitys\/suomi\/wp-content\/uploads\/sites\/2\/2019\/11\/taloudellinen9.png\" data-link=\"https:\/\/keke.bc.fi\/Kestava-kehitys\/suomi\/taloudellinen9\/\" class=\"wp-image-378\" srcset=\"https:\/\/keke.bc.fi\/Kestava-kehitys\/suomi\/wp-content\/uploads\/sites\/2\/2019\/11\/taloudellinen9.png 200w, https:\/\/keke.bc.fi\/Kestava-kehitys\/suomi\/wp-content\/uploads\/sites\/2\/2019\/11\/taloudellinen9-150x150.png 150w\" sizes=\"auto, (max-width: 200px) 100vw, 200px\" \/><\/figure><\/li><\/ul><\/figure>\n<\/div>\n\n\n\n<div class=\"wp-block-column is-layout-flow wp-block-column-is-layout-flow\">\n<p><\/p>\n<\/div>\n<\/div>\n\n\n\n<h2 class=\"has-text-align-left wp-block-heading\">Yhteiskunnan kest\u00e4v\u00e4 talous<\/h2>\n\n\n\n<p>Kest\u00e4v\u00e4n talouden kehityksess\u00e4 yhteiskunnan rooli on merkitt\u00e4v\u00e4. Koska ihminen tarvitsee el\u00e4\u00e4kseen ja hyvinvoinnin yll\u00e4pit\u00e4miseen tuotteita ja palveluita, eli hy\u00f6dykkeit\u00e4, tulee niiden tuottaminen olla kest\u00e4v\u00e4ll\u00e4 pohjalla. N\u00e4in ollen kaikissa investoinneissa on t\u00e4rke\u00e4\u00e4 ottaa huomioon niiden vaikutukset ymp\u00e4rist\u00f6\u00f6n. Ihminen tuottaa tarvitsemansa hy\u00f6dykkeet ns. tuotannontekij\u00f6iden kautta. Tuotannontekij\u00f6it\u00e4 ovat luonnonvarat, ty\u00f6voima ja koneet sek\u00e4 laitteet (<strong>p\u00e4\u00e4oma<\/strong>). Yksinkertaisesti ihminen (<strong>ty\u00f6voima<\/strong>) tuottaa tarvitsemansa hy\u00f6dykkeet ja palvelut luonnonvaroista p\u00e4\u00e4oman (kertyneet koneet, laitteet ja taloudellinen p\u00e4\u00e4oma) avulla. <\/p>\n\n\n\n<p>Talouden k\u00e4site syntyy niukoista resursseista. Kun resurssit ovat niukkoja niille muodostuu hinta. Yleisesti, mit\u00e4 niukempaa jokin resurssi on, niin pyrkii hinta kohoamaan ja p\u00e4invastoin. Esimerkiksi niukkana satovuonna mustikan hinta on korkeampi kuin aiempana runsasmustikkaisena vuonna. Kun lasketaan yhteen vuoden ajalta koko kansakunnan tuotanto, eli tuotetut hy\u00f6dykkeet ja palvelut, saadaan bruttokansantuote, eli BKT. BKT:n avulla voidaan vuosittain verrata talouden kehityst\u00e4 aina aikaisempiin vuosiin. Tuotannon mahdollisesta kasvusta edellisvuoteen verrattuna puhutaan talouskasvuna. <\/p>\n\n\n\n<p>Taloudellinen kest\u00e4v\u00e4 kehitys on tasapainoista talouskasvua ilman velkaantumista ja tuotannontekij\u00f6iden ylikuluttamista, sek\u00e4 toimintaa, joka huomioi ymp\u00e4rist\u00f6n kantokyvyn sek\u00e4 tulevat sukupolvet.  <\/p>\n\n\n\n<p>Yleisesti yhteiskunnassa halutaan tasaista talouskasvua. Keskustelua k\u00e4yd\u00e4\u00e4n paljon my\u00f6s siit\u00e4, tarvitaanko yhteiskunnassa jatkuvaa taloudellista kasvua, huolena luonnonvarojen riitt\u00e4vyys. Periaatteessa talous voi kasvaa my\u00f6s aineettomasti. Tekniikan ja tutkimuksen avulla on my\u00f6s mahdollista tuottaa entist\u00e4 parempi tuote luonnonvarojen pienemm\u00e4ll\u00e4 k\u00e4yt\u00f6ll\u00e4. Hyv\u00e4 esimerkki on matkapuhelin. 1980 -luvun suuri kokoisesta ja suhteellisen alhaisen teknologian tuotteesta on muokkautunut kehityksen my\u00f6t\u00e4 pienikokoinen laite, joka sis\u00e4lt\u00e4\u00e4 runsaasti \u00e4lykk\u00e4it\u00e4 palveluratkaisuja.<\/p>\n\n\n\n<p>Kun talouden j\u00e4rjestelm\u00e4\u00e4 tarkastellaan kest\u00e4v\u00e4n kehityksen n\u00e4k\u00f6kulmasta, olennaista on, ett\u00e4 taloudellinen toiminta ei johda sosiaalisen tai ekologisen p\u00e4\u00e4oman v\u00e4henemiseen (<strong>varannot<\/strong>), talous on sopeutumiskykyinen ja kykenee kohtaamaan yll\u00e4tt\u00e4vi\u00e4kin shokkeja (<strong>vakaus<\/strong>) sek\u00e4 tuottaa hyvinvointia maapallon kantokyvyn rajoissa (<strong>tuotos<\/strong>). Kest\u00e4v\u00e4 ja vakaa talous antaa perustan koko muulle kest\u00e4v\u00e4lle kehitykselle. Ilman vakaata taloudellista pohjaa ei voida maksaa palkkoja tai panostaa ty\u00f6ntekij\u00f6iden hyvinvointiin taikka ymp\u00e4rist\u00f6yst\u00e4v\u00e4lliseen kehitykseen. Kest\u00e4v\u00e4ll\u00e4 pohjalla oleva talous helpottaa my\u00f6s kohtaamaan vastaan tulevia uusia haasteita, kuten v\u00e4est\u00f6n ik\u00e4\u00e4ntymisest\u00e4 aiheutuvia kasvavia sosiaaliturva- ja terveysmenoja.<br><\/p>\n\n\n\n<hr class=\"wp-block-separator is-style-wide\"\/>\n\n\n\n<h2 class=\"has-text-align-left wp-block-heading\">Kuluttajan kest\u00e4v\u00e4 talous<\/h2>\n\n\n\n<p>Kuluttajan n\u00e4k\u00f6kulmasta kest\u00e4v\u00e4n talouden merkitys n\u00e4kyy kuluttajan k\u00e4ytt\u00e4ytymisen ja valintojen kautta. Kaikella toiminnallamme on vaikutusta ymp\u00e4rist\u00f6\u00f6n. Sill\u00e4, miten asumme, liikumme, sy\u00f6mme ja mit\u00e4 ostamme, on merkitt\u00e4v\u00e4 rooli ymp\u00e4rist\u00f6n hyvinvoinnin kannalta.\u202f Kotitalouksien kulutusvalinnoilla on merkityst\u00e4 my\u00f6s taloudellisen kest\u00e4v\u00e4n kehityksen edist\u00e4misess\u00e4. Jokainen meist\u00e4 voi edist\u00e4\u00e4 taloudellista kest\u00e4vyytt\u00e4 suosimalla kest\u00e4vi\u00e4 tuotteita. Vastuullisen kuluttajak\u00e4ytt\u00e4ytymisen lis\u00e4\u00e4ntyess\u00e4, on entist\u00e4 enemm\u00e4n yrityksien edun mukaista ottaa selv\u00e4\u00e4 tuotteidensa alkuper\u00e4st\u00e4 ja koko tuotantoketjun vastuullisuudesta. Tuotteet ja palvelut tarjotaan nykyist\u00e4 v\u00e4hemm\u00e4n ymp\u00e4rist\u00f6\u00e4 rasittaen sek\u00e4 s\u00e4\u00e4st\u00e4en luonnonvaroja ja energiaa.&nbsp;Ymp\u00e4rist\u00f6- ja energiamerkinn\u00f6ill\u00e4 kerrotaan tuotteen ymp\u00e4rist\u00f6vaikutuksista ja ohjataan kuluttajia suosimaan tuotteita, jotka perustuvat kest\u00e4v\u00e4n kehityksen linjauksiin. <\/p>\n\n\n\n<p>Usein oletetaan, ett\u00e4 kuluttaja toimii rationaalisesti, ja maksimoi saamiansa taloushy\u00f6tyj\u00e4. Kest\u00e4v\u00e4ss\u00e4 kulutuksessa kuluttajan tulisi tarkastella valintojansa kokonaisvaltaisemmin kest\u00e4v\u00e4n talouden n\u00e4k\u00f6kulmasta, jolloin talousn\u00e4k\u00f6kulman lis\u00e4ksi mukaan on otettava kulutusp\u00e4\u00e4t\u00f6sten tekoon my\u00f6s ymp\u00e4rist\u00f6-, sosiaali- ja kulttuuritekij\u00e4t. Kest\u00e4v\u00e4ss\u00e4 kulutuksessa tulisi ottaa huomioon mm. ymp\u00e4rist\u00f6yst\u00e4v\u00e4llisyys, tuotantoketjun eettisyys sek\u00e4 vaihtoehtoiset tuotantotavat, kuten ns. puhdas teknologia, eli cleantech.<\/p>\n\n\n\n<p>Kuluttajien hyv\u00e4tk\u00e4\u00e4n aikomukset eiv\u00e4t aina muutu k\u00e4yt\u00e4nn\u00f6n teoiksi. Siksi on alettu pohtia mahdollisuutta tunnistaa kuluttajien rationaalisia vinoutumia ja niit\u00e4 hy\u00f6dynt\u00e4m\u00e4ll\u00e4 etsi\u00e4 keinoja tuupata kuluttajia kest\u00e4v\u00e4mpiin valintoihin (esimerkiksi neuvonta, k\u00e4sikirjat, vinkkilistat, laskurit, haittaverot tai erilaiset tuotemerkinn\u00e4t). Kest\u00e4viss\u00e4 valinnoissa yh\u00e4 suurempi merkitys on nimitt\u00e4in sill\u00e4, voiko valinta itse asiassa joissakin tilanteissa sis\u00e4lt\u00e4\u00e4 kuluttamatta j\u00e4tt\u00e4misen. Osaammeko tunnistaa, mik\u00e4 osa kuluttamisestamme perustuu tarpeeseen, mik\u00e4 haluun ja mik\u00e4 hetkelliseen intohimoon?<\/p>\n\n\n\n<p>Vastuullinen kuluttaminen l\u00e4htee p\u00e4\u00e4s\u00e4\u00e4nt\u00f6isesti kuluttajista. Kysynt\u00e4 synnytt\u00e4\u00e4 kest\u00e4vien tuotteiden tarjonnan. Jokainen kulutusp\u00e4\u00e4t\u00f6s voi vied\u00e4 kohti kest\u00e4v\u00e4\u00e4 taloudellista kehityst\u00e4. Kest\u00e4v\u00e4n talouden tavoitteiden t\u00e4ytt\u00e4minen vaatii vastuullisuutta ja sitoutumista kaikilta toimijoilta: yhteiskunnalta, yrityksilt\u00e4 sek\u00e4 kuluttajilta.<br><\/p>\n\n\n\n<hr class=\"wp-block-separator is-style-wide\"\/>\n\n\n\n<h2 class=\"wp-block-heading\">Yrityksen kest\u00e4v\u00e4 talous<\/h2>\n\n\n\n<p>Ymp\u00e4rist\u00f6 on nyky\u00e4\u00e4n my\u00f6s jokaisen yrityksen asia. Ymp\u00e4rist\u00f6osaava yritys minimoi omat haitalliset ymp\u00e4rist\u00f6vaikutuksensa ja tarjoaa sidosryhmilleen\u202fratkaisuja, jotka auttavat asiakasta v\u00e4hent\u00e4m\u00e4\u00e4n turhaa energian ja luonnonvarojen kulutusta.\u202fYmp\u00e4rist\u00f6n\u00e4k\u00f6kohtien huomioiminen on osa kannattavaa yritystoimintaa.<br><\/p>\n\n\n\n<p>P\u00e4\u00e4osa tuotteista ja palveluista tuotetaan niihin erikoistuneissa yrityksiss\u00e4. K\u00e4ynniss\u00e4 on ehk\u00e4 muutos kohti v\u00e4h\u00e4hiilisyyden ja resurssiviisauden periaatteisiin pohjautuvaa teollista vallankumousta. Kest\u00e4v\u00e4n tuotannon edist\u00e4misess\u00e4 politiikan painopiste on siirtym\u00e4ss\u00e4 sellaisen uuden liiketoiminnan kehitt\u00e4miseen, joka ei ainoastaan toimi vastuullisesti, vaan joka tavoitteellisesti tuottaa kest\u00e4vi\u00e4 ratkaisuja. Kysymys ei ole vain siit\u00e4, ett\u00e4 jotain tuotetaan kest\u00e4v\u00e4ll\u00e4 tavalla, vaan siit\u00e4 ett\u00e4 tuote tai palvelu itsess\u00e4\u00e4n toimii ratkaisuna johonkin kest\u00e4vyyshaasteeseen.  <\/p>\n\n\n\n<p>Kest\u00e4v\u00e4\u00e4 tuotantoa tarkastellaan useimmiten ymp\u00e4rist\u00f6n n\u00e4k\u00f6kulmasta, etsien ratkaisuja esimerkiksi kiertotaloudesta, biotaloudesta, cleantechist\u00e4 tai uusiutuvasta energiasta. Ymp\u00e4rist\u00f6liiketoiminnan ohella tarvitaan m\u00e4\u00e4r\u00e4tietoisempaa panostamista my\u00f6s hyvinvointiliiketoiminnan mahdollisuuksiin tuottaa uudenlaisia kest\u00e4vi\u00e4 ratkaisuja.<\/p>\n\n\n\n<p>L\u00e4ht\u00f6kohtaisesti yritysten tulee noudattaa voimassa olevaa lains\u00e4\u00e4d\u00e4nt\u00f6\u00e4, jossa on ohjeistettu miten tulee toimia eri tilanteissa. Yritt\u00e4j\u00e4\u00e4 koskee hyvin moni laki. Taloudellisesti vastuullinen yritys toimii lakien ja asetuksien mukaisesti sek\u00e4 maksaa verot ja palkat. Keskeisimm\u00e4t yritt\u00e4j\u00e4n vastuut kest\u00e4v\u00e4n talouden n\u00e4k\u00f6kulmasta koskevat seuraavia asioita:<br><\/p>\n\n\n\n<div class=\"wp-block-columns has-3-columns is-layout-flex wp-container-core-columns-is-layout-9d6595d7 wp-block-columns-is-layout-flex\">\n<div class=\"wp-block-column is-layout-flow wp-block-column-is-layout-flow\">\n<h4 class=\"has-text-align-center wp-block-heading\">Yhteiskunnallisten velvoitteiden hoitaminen<\/h4>\n\n\n\n<ul class=\"wp-block-list\"><li>voiton ja arvonlis\u00e4veron maksaminen sek\u00e4 palkansaajien tuloverojen pid\u00e4tt\u00e4minen ja edelleen toimittaminen verohallinnolle <\/li><li>muiden veroluontoisten maksujen maksamista (esim. sosiaaliturvamaksut, ty\u00f6el\u00e4kkeet jne.)<\/li><\/ul>\n<\/div>\n\n\n\n<div class=\"wp-block-column is-layout-flow wp-block-column-is-layout-flow\">\n<h4 class=\"has-text-align-center wp-block-heading\">Tuotteiden ja palvelujen tuottaminen<\/h4>\n\n\n\n<ul class=\"wp-block-list\"><li>luonnonvarojen kest\u00e4v\u00e4 k\u00e4ytt\u00f6 <\/li><li>ymp\u00e4rist\u00f6\u00e4 s\u00e4\u00e4st\u00e4vien tuotantotekniikoiden kehitt\u00e4minen (mm. cleantech)<\/li><li>ymp\u00e4rist\u00f6yst\u00e4v\u00e4llisten ja eettisten tuotteiden kehitt\u00e4minen <\/li><\/ul>\n<\/div>\n\n\n\n<div class=\"wp-block-column is-layout-flow wp-block-column-is-layout-flow\">\n<h4 class=\"has-text-align-center wp-block-heading\">Kuluttajien tiedottaminen<\/h4>\n\n\n\n<ul class=\"wp-block-list\"><li>kest\u00e4v\u00e4st\u00e4 tuotannosta<\/li><li>kest\u00e4v\u00e4n kehityksen mukaisten hy\u00f6dykkeiden markkinointi <\/li><\/ul>\n<\/div>\n<\/div>\n\n\n\n<p>Pyrkiess\u00e4\u00e4n kest\u00e4v\u00e4\u00e4n taloudelliseen kasvuun, tulee yrityksen vastuullisen toiminnan ja lakien noudattamisen lis\u00e4ksi noudattaa avoimuuden periaatteita. Vastuullinen yritys raportoi liiketoiminnastaan julkisesti esimerkiksi nettisivuillaan. N\u00e4in toimien yritys haluaa antaa vastuullisen kuvan sidosryhmilleen ja my\u00f6s mahdollisuuden arvioida toimintaansa. Yritys voi laatia esim. ymp\u00e4rist\u00f6tilinp\u00e4\u00e4t\u00f6ksen, jossa se kertoo panostuksestaan ymp\u00e4rist\u00f6vastuun kehitt\u00e4miseen. Ymp\u00e4rist\u00f6tilinp\u00e4\u00e4t\u00f6s sis\u00e4lt\u00e4\u00e4 ymp\u00e4rist\u00f6vastuun toteuttamiseen liittyv\u00e4t kulut, investoinnit, vastuut ja tuot.<br><\/p>\n\n\n\n<div class=\"center-video-container\">\n<iframe loading=\"lazy\" width=\"560\" height=\"315\" src=\"https:\/\/www.youtube.com\/embed\/5pMymxlW2Qw\" frameborder=\"0\" allow=\"accelerometer; autoplay; encrypted-media; gyroscope; picture-in-picture\" allowfullscreen=\"\"><\/iframe>\n<p>Consumer society &#8211; Sustainability | ACCIONA<\/p>\n<\/div>\n\n\n\n<p><a href=\"https:\/\/keke.bc.fi\/Kestava-kehitys\/suomi\/lahteet\/\">L\u00e4hteet<\/a><\/p>\n","protected":false},"excerpt":{"rendered":"<p>Taloudellinen kest\u00e4v\u00e4 kehitys Maapallon luonnonvarat ovat rajalliset. Kest\u00e4v\u00e4n kehityksen p\u00e4\u00e4tavoite on muuttaa nyky-yhteiskunnan toimintamallejamme niin, ett\u00e4 otamme huomioon my\u00f6s tulevaisuuden sukupolvien tarpeet ja hyvinvoinnin. P\u00e4\u00e4m\u00e4\u00e4r\u00e4n\u00e4 on siis turvata nyt ja tulevaisuudessa hyv\u00e4t el\u00e4misen mahdollisuudet ja kuluttaa maapallon luonnonvaroja kest\u00e4v\u00e4mmin. Kest\u00e4v\u00e4 talous perustuu taloudellisiin p\u00e4\u00e4t\u00f6ksiin, joita tekev\u00e4t yhteiskunta (lait ja s\u00e4\u00e4d\u00f6kset), kuluttajat ja yritykset. Taloudellisella kest\u00e4vyydell\u00e4 [&hellip;]<\/p>\n","protected":false},"author":1,"featured_media":0,"parent":0,"menu_order":0,"comment_status":"closed","ping_status":"closed","template":"fullwidth.php","meta":{"footnotes":""},"class_list":["post-384","page","type-page","status-publish","hentry"],"_links":{"self":[{"href":"https:\/\/keke.bc.fi\/Kestava-kehitys\/suomi\/wp-json\/wp\/v2\/pages\/384","targetHints":{"allow":["GET"]}}],"collection":[{"href":"https:\/\/keke.bc.fi\/Kestava-kehitys\/suomi\/wp-json\/wp\/v2\/pages"}],"about":[{"href":"https:\/\/keke.bc.fi\/Kestava-kehitys\/suomi\/wp-json\/wp\/v2\/types\/page"}],"author":[{"embeddable":true,"href":"https:\/\/keke.bc.fi\/Kestava-kehitys\/suomi\/wp-json\/wp\/v2\/users\/1"}],"replies":[{"embeddable":true,"href":"https:\/\/keke.bc.fi\/Kestava-kehitys\/suomi\/wp-json\/wp\/v2\/comments?post=384"}],"version-history":[{"count":24,"href":"https:\/\/keke.bc.fi\/Kestava-kehitys\/suomi\/wp-json\/wp\/v2\/pages\/384\/revisions"}],"predecessor-version":[{"id":750,"href":"https:\/\/keke.bc.fi\/Kestava-kehitys\/suomi\/wp-json\/wp\/v2\/pages\/384\/revisions\/750"}],"wp:attachment":[{"href":"https:\/\/keke.bc.fi\/Kestava-kehitys\/suomi\/wp-json\/wp\/v2\/media?parent=384"}],"curies":[{"name":"wp","href":"https:\/\/api.w.org\/{rel}","templated":true}]}}