{"id":384,"date":"2019-11-02T01:53:37","date_gmt":"2019-11-02T01:53:37","guid":{"rendered":"http:\/\/public.bc.fi\/s1700512\/Kestava-kehitys\/svenska\/?page_id=384"},"modified":"2020-04-28T11:49:39","modified_gmt":"2020-04-28T11:49:39","slug":"ekonomisk-hallbarhet","status":"publish","type":"page","link":"https:\/\/keke.bc.fi\/Kestava-kehitys\/svenska\/ekonomisk-hallbarhet\/","title":{"rendered":"Ekonomisk H\u00e5llbarhet"},"content":{"rendered":"\n<h1 class=\"has-text-align-center wp-block-heading\"> Ekonomisk h\u00e5llbarhet <\/h1>\n\n\n\n<p>Jordklotets naturresurser \u00e4r begr\u00e4nsade. H\u00e5llbar utveckling \u00e4r konsumtion som beaktar kommande generationers behov. M\u00e5let med h\u00e5llbar utveckling \u00e4r att trygga goda levnadsm\u00f6jligheter f\u00f6r dagens generationer och f\u00f6r kommande generationer med andra ord att hush\u00e5lla med naturresurserna p\u00e5 ett h\u00e5llbart s\u00e4tt.&nbsp; Ekonomisk h\u00e5llbarhet best\u00e5r av ekonomiska beslut som g\u00f6r av samh\u00e4llet ( lagar och f\u00f6rordningar), f\u00f6retag och konsumenter. En h\u00e5llbar ekonomi har en balanserad tillv\u00e4xt som varken f\u00f6rst\u00f6r naturresurser eller \u00f6kar skulder, utan genom effektiv \u00e5teranv\u00e4ndning och anv\u00e4ndning av f\u00f6rnybara naturresurser.&nbsp; P\u00e5 l\u00e5ng sikt \u00e4r det viktigt f\u00f6r hela v\u00e4rlden och f\u00f6r de kommande generationerna att beakta jordens b\u00e4rkraft. I detta avsnitt ser vi p\u00e5 h\u00e5llbarheten via olika beslutsfattares ekonomiska perspektiv. <\/p>\n\n\n\n<div class=\"wp-block-columns has-3-columns is-layout-flex wp-container-core-columns-is-layout-9d6595d7 wp-block-columns-is-layout-flex\">\n<div class=\"wp-block-column is-layout-flow wp-block-column-is-layout-flow\">\n<p><\/p>\n<\/div>\n\n\n\n<div class=\"wp-block-column is-layout-flow wp-block-column-is-layout-flow\">\n<figure class=\"wp-block-gallery columns-2 is-cropped wp-block-gallery-2 is-layout-flex wp-block-gallery-is-layout-flex\"><ul class=\"blocks-gallery-grid\"><li class=\"blocks-gallery-item\"><figure><img loading=\"lazy\" decoding=\"async\" width=\"240\" height=\"240\" src=\"https:\/\/keke.bc.fi\/Kestava-kehitys\/svenska\/wp-content\/uploads\/sites\/4\/2019\/11\/08-sv.png\" alt=\"\" data-id=\"615\" data-full-url=\"https:\/\/keke.bc.fi\/Kestava-kehitys\/svenska\/wp-content\/uploads\/sites\/4\/2019\/11\/08-sv.png\" data-link=\"https:\/\/keke.bc.fi\/Kestava-kehitys\/svenska\/08-sv\/\" class=\"wp-image-615\" srcset=\"https:\/\/keke.bc.fi\/Kestava-kehitys\/svenska\/wp-content\/uploads\/sites\/4\/2019\/11\/08-sv.png 240w, https:\/\/keke.bc.fi\/Kestava-kehitys\/svenska\/wp-content\/uploads\/sites\/4\/2019\/11\/08-sv-150x150.png 150w\" sizes=\"auto, (max-width: 240px) 100vw, 240px\" \/><\/figure><\/li><li class=\"blocks-gallery-item\"><figure><img loading=\"lazy\" decoding=\"async\" width=\"240\" height=\"240\" src=\"https:\/\/keke.bc.fi\/Kestava-kehitys\/svenska\/wp-content\/uploads\/sites\/4\/2019\/11\/09-sv.png\" alt=\"\" data-id=\"616\" data-full-url=\"https:\/\/keke.bc.fi\/Kestava-kehitys\/svenska\/wp-content\/uploads\/sites\/4\/2019\/11\/09-sv.png\" data-link=\"https:\/\/keke.bc.fi\/Kestava-kehitys\/svenska\/09-sv\/\" class=\"wp-image-616\" srcset=\"https:\/\/keke.bc.fi\/Kestava-kehitys\/svenska\/wp-content\/uploads\/sites\/4\/2019\/11\/09-sv.png 240w, https:\/\/keke.bc.fi\/Kestava-kehitys\/svenska\/wp-content\/uploads\/sites\/4\/2019\/11\/09-sv-150x150.png 150w\" sizes=\"auto, (max-width: 240px) 100vw, 240px\" \/><\/figure><\/li><\/ul><\/figure>\n<\/div>\n\n\n\n<div class=\"wp-block-column is-layout-flow wp-block-column-is-layout-flow\">\n<p><\/p>\n<\/div>\n<\/div>\n\n\n\n<h2 class=\"has-text-align-left wp-block-heading\"> Samh\u00e4llsekonomi <\/h2>\n\n\n\n<p>Samh\u00e4llet har en betydande roll i fr\u00e4mjandet av h\u00e5llbar utveckling. Alla investeringar har milj\u00f6p\u00e5verkningar. M\u00e4nniskan beh\u00f6ver varor och tj\u00e4nster f\u00f6r att leva och m\u00e5 bra.&nbsp;Naturresurser, arbetskraft och maskiner anv\u00e4nds vid framst\u00e4llningen av dessa varor och tj\u00e4nster.&nbsp; N\u00e4r ekonomin granskas ur ett h\u00e5llbart perspektiv \u00e4r det viktigt att verksamheten inte slukar sociala eller ekologiska resurser utan att ekonomin kan m\u00f6ta \u00e4ven ov\u00e4ntade situationer och bidra till v\u00e4lm\u00e5ende inom ramen f\u00f6r vad v\u00e5r planet klarar av.&nbsp;<br><\/p>\n\n\n\n<p>En h\u00e5llbar och stabil ekonomi \u00e4r en god grund f\u00f6r h\u00e5llbar utveckling. Utan en stabil ekonomisk grund kan inte l\u00f6ner betalas eller satsningar f\u00f6r personalens v\u00e4lm\u00e5ende eller tex milj\u00f6v\u00e4nlighet g\u00f6ras. En h\u00e5llbar ekonomi underl\u00e4ttar \u00e4ven arbetet med nya framtida utmaningar ss den allt mer \u00e5lderstigna befolkningen samt de \u00f6kade social- och h\u00e4lsov\u00e5rdskostnader samh\u00e4llet st\u00e5r inf\u00f6r.&nbsp;<br><\/p>\n\n\n\n<p>H\u00e5llbar ekonomi str\u00e4var till att f\u00f6lja den ekonomiska tillv\u00e4xtens fluktueringar utan att \u00f6ka landets skulder. BNP ( Bruttonationalprodukten) f\u00f6r landet \u00e4r ett s\u00e4tt att m\u00e4ta vad landets varor och tj\u00e4nster har inbringat i \u20ac\/capita.&nbsp; Inom h\u00e5llbar ekonomi diskuteras idag om det \u00e4r n\u00f6dv\u00e4ndigt med en kontinuerlig ekonomisk tillv\u00e4xt,  som man hittills ansett, eller om en immateriell tillv\u00e4xt kunde minska f\u00f6rbrukningen av naturresurserna. J\u00e4mf\u00f6r tex mobiltelefonerna fr\u00e5n 1980-talet med mig telefonerna idag, de har blivit mycket mindre till storleken, men har \u00e4nd\u00e5 fler och smartare funktioner \u00e4n tidigare. &nbsp; F\u00f6retagets h\u00e5llbara ekonomi&nbsp;<\/p>\n\n\n\n<p>Milj\u00f6v\u00e4nlighet minimerar skadliga milj\u00f6p\u00e5verkningar och erbjuder l\u00f6sningar som hj\u00e4lper kunden att minska sin energif\u00f6rbrukning och f\u00f6rbrukningen av naturresurser. Milj\u00f6v\u00e4nlighet \u00e4r en l\u00f6nsam del av f\u00f6retagsverksamheten. De flesta varor och tj\u00e4nster produceras av f\u00f6retag som specialiserat sig p\u00e5 just de varorna\/ tj\u00e4nsterna. En f\u00f6r\u00e4ndring mot mera kolneutralt och resurssmarta l\u00f6sningar h\u00e5ller som b\u00e4st p\u00e5 att f\u00f6r\u00e4ndra industrierna och ny verksametsmodeller skapas. Inte endas h\u00e5llbara l\u00f6sningar, utan \u00e4ven l\u00f6sningar d\u00e4r varan eller tj\u00e4nsten i sig kan inneb\u00e4ra en h\u00e5llbarare l\u00f6sning f\u00f6r a. F\u00f6retaget f\u00f6ljer ett flertal lagar, en av dem \u00e4r att ta sitt ekonomiska ansvar i form av betalning av b\u00e5de skatter och l\u00f6ner, d\u00e4rut\u00f6ver tillkommer milj\u00f6v\u00e4nligheten och v\u00e4lf\u00e4rden med som&nbsp; ekonomiska m\u00f6jligheter.&nbsp;<\/p>\n\n\n\n<p>H\u00e5llbar produktion granskas ofta ur vinklar som tangerar milj\u00f6n, cirkul\u00e4r ekonomi, livscykelanalys, &nbsp; clean tech och f\u00f6rnybar energi. <br><\/p>\n\n\n\n<hr class=\"wp-block-separator is-style-wide\"\/>\n\n\n\n<h2 class=\"has-text-align-left wp-block-heading\">Konsumentens h\u00e5llbara ekonomi <\/h2>\n\n\n\n<p>Ur konsumentens synvinkel har den h\u00e5llbara ekonomin betydelse i konsumtionsbeteendet och de val vi g\u00f6r. Allt vi g\u00f6r p\u00e5verkar milj\u00f6n, boende, hur vi r\u00f6r oss, maten och vad vi k\u00f6per dvs v\u00e5r konsumtion.&nbsp; Hush\u00e5llens konsumtionsbeteende p\u00e5verkar och har betydelse f\u00f6r fr\u00e4mjandet av h\u00e5llbar utveckling. Var och en av oss kan v\u00e4lja h\u00e5llbar konsumtion, produkter och tj\u00e4nster som sliter mindre p\u00e5 naturresurserna genom sitt ursprung och genom tillverkningsprocesserna, som f\u00f6rbrukar mindre energi och b\u00e4ttre, f\u00f6rnybar energi. Milj\u00f6- och energim\u00e4rkningarna ber\u00e4ttar f\u00f6r oss hur vi kan v\u00e4lja mera h\u00e5llbart. Det h\u00e4nder att vi agerar rationellt och tar det billigaste ist\u00e4llet f\u00f6r det b\u00e4sta och d\u00e4rf\u00f6r f\u00e4sts idag stor vikt vid information och hj\u00e4lpmedel som upplyser konsumenten om tex milj\u00f6skador och extra skadeskatter som kan betalas. F\u00f6r den ekonomiska h\u00e5llbarheten handlar inte om vad som \u00e4r billigast, utan vad som \u00e4r minst skadligt och d\u00e4rf\u00f6r kan h\u00e5llbarheten \u00e4ven handla om att avst\u00e5 fr\u00e5n konsumtion. H\u00e5llbar konsumtion \u00e4r n\u00e5got vi kan v\u00e4lja. Varje h\u00e5llbart konsumtionsbeslut leder till \u00f6kad ekonomisk h\u00e5llbarhet. Den ekonomiska h\u00e5llbarheten beh\u00f6ver samh\u00e4llet,&nbsp; f\u00f6retagen och konsumenterna samt alla tre parters \u00e5terkommande h\u00e5llbara val.&nbsp;<br><\/p>\n\n\n\n<hr class=\"wp-block-separator is-style-wide\"\/>\n\n\n\n<h2 class=\"wp-block-heading\">F\u00f6retagets h\u00e5llbara ekonomi <\/h2>\n\n\n\n<p>Milj\u00f6v\u00e4nlighet minimerar skadliga milj\u00f6p\u00e5verkningar och erbjuder l\u00f6sningar som hj\u00e4lper kunden att minska sin energif\u00f6rbrukning och f\u00f6rbrukningen av naturresurser. Milj\u00f6v\u00e4nlighet \u00e4r en l\u00f6nsam del av f\u00f6retagsverksamheten. De flesta varor och tj\u00e4nster produceras av f\u00f6retag som specialiserat sig p\u00e5 just de varorna\/ tj\u00e4nsterna. En f\u00f6r\u00e4ndring mot mera kolneutralt och resurssmarta l\u00f6sningar h\u00e5ller som b\u00e4st p\u00e5 att f\u00f6r\u00e4ndra industrierna och nya verksametsmodeller skapas. Inte endast h\u00e5llbara l\u00f6sningar, utan \u00e4ven l\u00f6sningar d\u00e4r varan eller tj\u00e4nsten i sig kan inneb\u00e4ra en h\u00e5llbarare l\u00f6sning f\u00f6r alla. F\u00f6retaget f\u00f6ljer ett flertal lagar, en av dem \u00e4r att ta sitt ekonomiska ansvar i form av betalning av b\u00e5de skatter och l\u00f6ner, d\u00e4rut\u00f6ver tillkommer milj\u00f6v\u00e4nligheten och v\u00e4lf\u00e4rden med som&nbsp; ekonomiska m\u00f6jligheter.&nbsp;<\/p>\n\n\n\n<p>H\u00e5llbar produktion granskas ofta ur vinklar som tangerar milj\u00f6n, cirkul\u00e4r ekonomi, livscykelanalys, &nbsp; clean tech och f\u00f6rnybar energi. <br><\/p>\n\n\n\n<div class=\"center-video-container\">\n<iframe loading=\"lazy\" width=\"560\" height=\"315\" src=\"https:\/\/www.youtube.com\/embed\/5pMymxlW2Qw\" frameborder=\"0\" allow=\"accelerometer; autoplay; encrypted-media; gyroscope; picture-in-picture\" allowfullscreen=\"\"><\/iframe>\n<p>Consumer society &#8211; Sustainability | ACCIONA<\/p>\n<\/div>\n\n\n\n<p><a href=\"https:\/\/keke.bc.fi\/Kestava-kehitys\/svenska\/kallor\/\">K\u00e4llor<\/a><\/p>\n","protected":false},"excerpt":{"rendered":"<p>Ekonomisk h\u00e5llbarhet Jordklotets naturresurser \u00e4r begr\u00e4nsade. H\u00e5llbar utveckling \u00e4r konsumtion som beaktar kommande generationers behov. M\u00e5let med h\u00e5llbar utveckling \u00e4r att trygga goda levnadsm\u00f6jligheter f\u00f6r dagens generationer och f\u00f6r kommande generationer med andra ord att hush\u00e5lla med naturresurserna p\u00e5 ett h\u00e5llbart s\u00e4tt.&nbsp; Ekonomisk h\u00e5llbarhet best\u00e5r av ekonomiska beslut som g\u00f6r av samh\u00e4llet ( lagar och [&hellip;]<\/p>\n","protected":false},"author":1,"featured_media":0,"parent":0,"menu_order":0,"comment_status":"closed","ping_status":"closed","template":"fullwidth.php","meta":{"footnotes":""},"class_list":["post-384","page","type-page","status-publish","hentry"],"_links":{"self":[{"href":"https:\/\/keke.bc.fi\/Kestava-kehitys\/svenska\/wp-json\/wp\/v2\/pages\/384","targetHints":{"allow":["GET"]}}],"collection":[{"href":"https:\/\/keke.bc.fi\/Kestava-kehitys\/svenska\/wp-json\/wp\/v2\/pages"}],"about":[{"href":"https:\/\/keke.bc.fi\/Kestava-kehitys\/svenska\/wp-json\/wp\/v2\/types\/page"}],"author":[{"embeddable":true,"href":"https:\/\/keke.bc.fi\/Kestava-kehitys\/svenska\/wp-json\/wp\/v2\/users\/1"}],"replies":[{"embeddable":true,"href":"https:\/\/keke.bc.fi\/Kestava-kehitys\/svenska\/wp-json\/wp\/v2\/comments?post=384"}],"version-history":[{"count":27,"href":"https:\/\/keke.bc.fi\/Kestava-kehitys\/svenska\/wp-json\/wp\/v2\/pages\/384\/revisions"}],"predecessor-version":[{"id":740,"href":"https:\/\/keke.bc.fi\/Kestava-kehitys\/svenska\/wp-json\/wp\/v2\/pages\/384\/revisions\/740"}],"wp:attachment":[{"href":"https:\/\/keke.bc.fi\/Kestava-kehitys\/svenska\/wp-json\/wp\/v2\/media?parent=384"}],"curies":[{"name":"wp","href":"https:\/\/api.w.org\/{rel}","templated":true}]}}