{"id":681,"date":"2019-12-13T09:46:37","date_gmt":"2019-12-13T09:46:37","guid":{"rendered":"http:\/\/public.bc.fi\/s1700512\/Kestava-kehitys\/svenska\/?page_id=681"},"modified":"2020-04-30T10:51:36","modified_gmt":"2020-04-30T10:51:36","slug":"info","status":"publish","type":"page","link":"https:\/\/keke.bc.fi\/Kestava-kehitys\/svenska\/info\/","title":{"rendered":"Info"},"content":{"rendered":"\n<h1 class=\"wp-block-heading\">Digitalt l\u00e4romaterial f\u00f6r h\u00e5llbar utveckling <\/h1>\n\n\n\n<p class=\"has-text-color has-medium-font-size has-cyan-bluish-gray-color\"><strong>Projekttid 14.2.2018- 31.12.2019<\/strong><\/p>\n\n\n\n<h2 class=\"wp-block-heading\">Projektdeltagare: (Upphovsm\u00e4n)<\/h2>\n\n\n\n<ul class=\"wp-block-list\"><li>Helsinki Business College, BC, koordinaattori<\/li><li>Etel\u00e4-Savon Koulutus Oy\/Etel\u00e4-Savon ammattiopisto<\/li><li>Koulutuskuntayhtym\u00e4 Tavastia\/Ammattiopisto Tavastia<\/li><li>Rovaniemen koulutuskuntayhtym\u00e4\/Lapin koulutuskeskus REDU<\/li><li>Svenska framtidskolan i Helsingforsregionen Ab (Yrkeinstitutet      Practikum)<\/li><li>Tampereen kaupunki\/Tampereen seudun ammattio<\/li><li>Turun ammattiopistos\u00e4\u00e4ti\u00f6, TAO<\/li><\/ul>\n\n\n\n<h2 class=\"wp-block-heading\">Finansi\u00e4r<\/h2>\n\n\n\n<p>Utbildningsstyrelsen<\/p>\n\n\n\n<figure class=\"wp-block-image size-large\"><img loading=\"lazy\" decoding=\"async\" width=\"200\" height=\"192\" src=\"https:\/\/keke.bc.fi\/Kestava-kehitys\/svenska\/wp-content\/uploads\/sites\/4\/2020\/01\/oph.png\" alt=\"\" class=\"wp-image-725\"\/><\/figure>\n\n\n\n<h2 class=\"wp-block-heading\">Tekniskt genomf\u00f6rande av webbplatsen:<\/h2>\n\n\n\n<p>Kim H\u00e4m\u00e4l\u00e4inen, Raimo Nordstr\u00f6m ja Miko H\u00e4kkinen<br>Business College Helsinki<\/p>\n","protected":false},"excerpt":{"rendered":"<p>Digitalt l\u00e4romaterial f\u00f6r h\u00e5llbar utveckling Projekttid 14.2.2018- 31.12.2019 Projektdeltagare: (Upphovsm\u00e4n) Helsinki Business College, BC, koordinaattori Etel\u00e4-Savon Koulutus Oy\/Etel\u00e4-Savon ammattiopisto Koulutuskuntayhtym\u00e4 Tavastia\/Ammattiopisto Tavastia Rovaniemen koulutuskuntayhtym\u00e4\/Lapin koulutuskeskus REDU Svenska framtidskolan i Helsingforsregionen Ab (Yrkeinstitutet Practikum) Tampereen kaupunki\/Tampereen seudun ammattio Turun ammattiopistos\u00e4\u00e4ti\u00f6, TAO Finansi\u00e4r Utbildningsstyrelsen Tekniskt genomf\u00f6rande av webbplatsen: Kim H\u00e4m\u00e4l\u00e4inen, Raimo Nordstr\u00f6m ja Miko H\u00e4kkinenBusiness College Helsinki<\/p>\n","protected":false},"author":1,"featured_media":0,"parent":0,"menu_order":0,"comment_status":"closed","ping_status":"closed","template":"fullwidth.php","meta":{"footnotes":""},"class_list":["post-681","page","type-page","status-publish","hentry"],"_links":{"self":[{"href":"https:\/\/keke.bc.fi\/Kestava-kehitys\/svenska\/wp-json\/wp\/v2\/pages\/681","targetHints":{"allow":["GET"]}}],"collection":[{"href":"https:\/\/keke.bc.fi\/Kestava-kehitys\/svenska\/wp-json\/wp\/v2\/pages"}],"about":[{"href":"https:\/\/keke.bc.fi\/Kestava-kehitys\/svenska\/wp-json\/wp\/v2\/types\/page"}],"author":[{"embeddable":true,"href":"https:\/\/keke.bc.fi\/Kestava-kehitys\/svenska\/wp-json\/wp\/v2\/users\/1"}],"replies":[{"embeddable":true,"href":"https:\/\/keke.bc.fi\/Kestava-kehitys\/svenska\/wp-json\/wp\/v2\/comments?post=681"}],"version-history":[{"count":8,"href":"https:\/\/keke.bc.fi\/Kestava-kehitys\/svenska\/wp-json\/wp\/v2\/pages\/681\/revisions"}],"predecessor-version":[{"id":743,"href":"https:\/\/keke.bc.fi\/Kestava-kehitys\/svenska\/wp-json\/wp\/v2\/pages\/681\/revisions\/743"}],"wp:attachment":[{"href":"https:\/\/keke.bc.fi\/Kestava-kehitys\/svenska\/wp-json\/wp\/v2\/media?parent=681"}],"curies":[{"name":"wp","href":"https:\/\/api.w.org\/{rel}","templated":true}]}}