{"id":48,"date":"2019-09-03T16:22:04","date_gmt":"2019-09-03T16:22:04","guid":{"rendered":"http:\/\/public.bc.fi\/s1700512\/Kestava-kehitys\/?page_id=48"},"modified":"2019-12-16T14:55:44","modified_gmt":"2019-12-16T14:55:44","slug":"kielen-valitseminen","status":"publish","type":"page","link":"https:\/\/keke.bc.fi\/Kestava-kehitys\/","title":{"rendered":"Kielen valitseminen"},"content":{"rendered":"\n<div class=\"wp-block-image\"><figure class=\"aligncenter is-resized\"><img loading=\"lazy\" decoding=\"async\" src=\"http:\/\/keke.bc.fi\/Kestava-kehitys\/Kestava-kehitys\/wp-content\/uploads\/2019\/11\/SDG-logo.png\" alt=\"\" class=\"wp-image-332\" width=\"265\" height=\"265\" srcset=\"https:\/\/keke.bc.fi\/Kestava-kehitys\/wp-content\/uploads\/2019\/11\/SDG-logo.png 400w, https:\/\/keke.bc.fi\/Kestava-kehitys\/wp-content\/uploads\/2019\/11\/SDG-logo-150x150.png 150w, https:\/\/keke.bc.fi\/Kestava-kehitys\/wp-content\/uploads\/2019\/11\/SDG-logo-300x300.png 300w\" sizes=\"auto, (max-width: 265px) 100vw, 265px\" \/><\/figure><\/div>\n\n\n\n<div id=\"language-box\">\n<div class=\"boxes\">\n<h2 class=\"box-stretch\">Kest\u00e4v\u00e4 kehitys<\/h2>\n<a href=\"http:\/\/keke.bc.fi\/Kestava-kehitys\/suomi\/\"><span class=\"flag-icon-spacing flag-icon flag-icon-fi\"><\/span><\/a>\n<\/div>\n<div class=\"boxes\">\n<h2>Sustainable Development<\/h2>\n<a href=\"http:\/\/keke.bc.fi\/Kestava-kehitys\/english\/\"><span class=\"flag-icon-spacing flag-icon flag-icon-gb\"><\/span><\/a>\n<\/div>\n<div class=\"boxes\">\n<h2 class=\"box-stretch\">H\u00e5llbar utveckling<\/h2>\n<a href=\"http:\/\/keke.bc.fi\/Kestava-kehitys\/svenska\/\"><span class=\"flag-icon-spacing flag-icon flag-icon-se\"><\/span><\/a>\n<\/div>\n<\/div>\n","protected":false},"excerpt":{"rendered":"<p>Kest\u00e4v\u00e4 kehitys Sustainable Development H\u00e5llbar utveckling<\/p>\n","protected":false},"author":1,"featured_media":0,"parent":0,"menu_order":0,"comment_status":"closed","ping_status":"closed","template":"blank-page-with-container.php","meta":{"footnotes":""},"class_list":["post-48","page","type-page","status-publish","hentry"],"_links":{"self":[{"href":"https:\/\/keke.bc.fi\/Kestava-kehitys\/wp-json\/wp\/v2\/pages\/48","targetHints":{"allow":["GET"]}}],"collection":[{"href":"https:\/\/keke.bc.fi\/Kestava-kehitys\/wp-json\/wp\/v2\/pages"}],"about":[{"href":"https:\/\/keke.bc.fi\/Kestava-kehitys\/wp-json\/wp\/v2\/types\/page"}],"author":[{"embeddable":true,"href":"https:\/\/keke.bc.fi\/Kestava-kehitys\/wp-json\/wp\/v2\/users\/1"}],"replies":[{"embeddable":true,"href":"https:\/\/keke.bc.fi\/Kestava-kehitys\/wp-json\/wp\/v2\/comments?post=48"}],"version-history":[{"count":26,"href":"https:\/\/keke.bc.fi\/Kestava-kehitys\/wp-json\/wp\/v2\/pages\/48\/revisions"}],"predecessor-version":[{"id":606,"href":"https:\/\/keke.bc.fi\/Kestava-kehitys\/wp-json\/wp\/v2\/pages\/48\/revisions\/606"}],"wp:attachment":[{"href":"https:\/\/keke.bc.fi\/Kestava-kehitys\/wp-json\/wp\/v2\/media?parent=48"}],"curies":[{"name":"wp","href":"https:\/\/api.w.org\/{rel}","templated":true}]}}